{"id":908,"date":"2025-01-03T16:59:17","date_gmt":"2025-01-03T15:59:17","guid":{"rendered":"https:\/\/www.storasky.fr\/?post_type=product&#038;p=908"},"modified":"2025-01-03T17:32:23","modified_gmt":"2025-01-03T16:32:23","slug":"biro","status":"publish","type":"product","link":"https:\/\/www.storasky.fr\/index.php\/produit\/biro\/","title":{"rendered":"Gigi &#8211; Kimono"},"content":{"rendered":"<ul>\n<li>Fabrication fran\u00e7aise<\/li>\n<li>Tissu italien<\/li>\n<li>Taille unique<\/li>\n<li>Coton et viscose<\/li>\n<li>Longueur : Au dessus des chevilles<\/li>\n<li>Passants sur les cot\u00e9s<\/li>\n<\/ul>\n<p><strong>Entretien :<\/strong><\/p>\n<ul>\n<li>Lavage de pr\u00e9f\u00e9rence \u00e0 la main \/ \u00e0 30\u00b0 en machine<\/li>\n<\/ul>\n<p>&nbsp;<\/p>\n","protected":false},"excerpt":{"rendered":"<p>Le kimono Gigi en coton et viscose, un d\u00e9contract\u00e9 chic. Le plus ? Le pantalon assorti est \u00e9galement disponible.<\/p>\n","protected":false},"featured_media":911,"template":"","meta":[],"product_cat":[28],"product_tag":[],"class_list":["post-908","product","type-product","status-publish","has-post-thumbnail","hentry","product_cat-kimonos"],"_links":{"self":[{"href":"https:\/\/www.storasky.fr\/index.php\/wp-json\/wp\/v2\/product\/908","targetHints":{"allow":["GET"]}}],"collection":[{"href":"https:\/\/www.storasky.fr\/index.php\/wp-json\/wp\/v2\/product"}],"about":[{"href":"https:\/\/www.storasky.fr\/index.php\/wp-json\/wp\/v2\/types\/product"}],"wp:featuredmedia":[{"embeddable":true,"href":"https:\/\/www.storasky.fr\/index.php\/wp-json\/wp\/v2\/media\/911"}],"wp:attachment":[{"href":"https:\/\/www.storasky.fr\/index.php\/wp-json\/wp\/v2\/media?parent=908"}],"wp:term":[{"taxonomy":"product_cat","embeddable":true,"href":"https:\/\/www.storasky.fr\/index.php\/wp-json\/wp\/v2\/product_cat?post=908"},{"taxonomy":"product_tag","embeddable":true,"href":"https:\/\/www.storasky.fr\/index.php\/wp-json\/wp\/v2\/product_tag?post=908"}],"curies":[{"name":"wp","href":"https:\/\/api.w.org\/{rel}","templated":true}]}}