{"id":869,"date":"2024-12-23T18:05:22","date_gmt":"2024-12-23T17:05:22","guid":{"rendered":"https:\/\/www.storasky.fr\/?post_type=product&#038;p=869"},"modified":"2024-12-23T18:06:20","modified_gmt":"2024-12-23T17:06:20","slug":"grem","status":"publish","type":"product","link":"https:\/\/www.storasky.fr\/index.php\/produit\/grem\/","title":{"rendered":"Grem"},"content":{"rendered":"<ul>\n<li>Coton 100%<\/li>\n<li>Bordures en dentelle de Calais<\/li>\n<li>Poche au centre<\/li>\n<\/ul>\n","protected":false},"excerpt":{"rendered":"<p>Le tablier Storasky, un design chic accompagn\u00e9 d&#8217;une poche avant, parfaite pour garder vos essentiels \u00e0 port\u00e9e de main.<\/p>\n","protected":false},"featured_media":871,"template":"","meta":[],"product_cat":[36,42],"product_tag":[],"class_list":["post-869","product","type-product","status-publish","has-post-thumbnail","hentry","product_cat-home","product_cat-tabliers"],"_links":{"self":[{"href":"https:\/\/www.storasky.fr\/index.php\/wp-json\/wp\/v2\/product\/869","targetHints":{"allow":["GET"]}}],"collection":[{"href":"https:\/\/www.storasky.fr\/index.php\/wp-json\/wp\/v2\/product"}],"about":[{"href":"https:\/\/www.storasky.fr\/index.php\/wp-json\/wp\/v2\/types\/product"}],"wp:featuredmedia":[{"embeddable":true,"href":"https:\/\/www.storasky.fr\/index.php\/wp-json\/wp\/v2\/media\/871"}],"wp:attachment":[{"href":"https:\/\/www.storasky.fr\/index.php\/wp-json\/wp\/v2\/media?parent=869"}],"wp:term":[{"taxonomy":"product_cat","embeddable":true,"href":"https:\/\/www.storasky.fr\/index.php\/wp-json\/wp\/v2\/product_cat?post=869"},{"taxonomy":"product_tag","embeddable":true,"href":"https:\/\/www.storasky.fr\/index.php\/wp-json\/wp\/v2\/product_tag?post=869"}],"curies":[{"name":"wp","href":"https:\/\/api.w.org\/{rel}","templated":true}]}}