{"id":859,"date":"2024-12-22T18:45:11","date_gmt":"2024-12-22T17:45:11","guid":{"rendered":"https:\/\/www.storasky.fr\/?post_type=product&#038;p=859"},"modified":"2024-12-27T00:41:44","modified_gmt":"2024-12-26T23:41:44","slug":"razo-beige","status":"publish","type":"product","link":"https:\/\/www.storasky.fr\/index.php\/produit\/razo-beige\/","title":{"rendered":"Razo beige"},"content":{"rendered":"<ul>\n<li class=\"p1\">Dimension (cm) : 40 X 60<\/li>\n<li class=\"p1\">Poids (kg) : 0.250 (avec le coussin)<\/li>\n<li class=\"p1\">Mati\u00e8re principale : velours c\u00f4tel\u00e9, strass<\/li>\n<li class=\"p1\">Fabrication fran\u00e7aise<\/li>\n<\/ul>\n<p><strong>Entretien :\u00a0<\/strong><\/p>\n<ul>\n<li>Lavage \u00e0 30\u00b0<\/li>\n<\/ul>\n","protected":false},"excerpt":{"rendered":"<p>Apportez confort et style \u00e0 votre int\u00e9rieur.<\/p>\n","protected":false},"featured_media":860,"template":"","meta":[],"product_cat":[40,36],"product_tag":[],"class_list":["post-859","product","type-product","status-publish","has-post-thumbnail","hentry","product_cat-coussins","product_cat-home"],"_links":{"self":[{"href":"https:\/\/www.storasky.fr\/index.php\/wp-json\/wp\/v2\/product\/859","targetHints":{"allow":["GET"]}}],"collection":[{"href":"https:\/\/www.storasky.fr\/index.php\/wp-json\/wp\/v2\/product"}],"about":[{"href":"https:\/\/www.storasky.fr\/index.php\/wp-json\/wp\/v2\/types\/product"}],"wp:featuredmedia":[{"embeddable":true,"href":"https:\/\/www.storasky.fr\/index.php\/wp-json\/wp\/v2\/media\/860"}],"wp:attachment":[{"href":"https:\/\/www.storasky.fr\/index.php\/wp-json\/wp\/v2\/media?parent=859"}],"wp:term":[{"taxonomy":"product_cat","embeddable":true,"href":"https:\/\/www.storasky.fr\/index.php\/wp-json\/wp\/v2\/product_cat?post=859"},{"taxonomy":"product_tag","embeddable":true,"href":"https:\/\/www.storasky.fr\/index.php\/wp-json\/wp\/v2\/product_tag?post=859"}],"curies":[{"name":"wp","href":"https:\/\/api.w.org\/{rel}","templated":true}]}}