{"id":802,"date":"2024-12-22T17:48:38","date_gmt":"2024-12-22T16:48:38","guid":{"rendered":"https:\/\/www.storasky.fr\/?post_type=product&#038;p=802"},"modified":"2024-12-22T18:50:57","modified_gmt":"2024-12-22T17:50:57","slug":"802","status":"publish","type":"product","link":"https:\/\/www.storasky.fr\/index.php\/produit\/802\/","title":{"rendered":"Tovaglia blue"},"content":{"rendered":"<ul>\n<li>Coton 100%<\/li>\n<li>2m50 x 1m50<\/li>\n<\/ul>\n<p><strong>Entretien :<\/strong><\/p>\n<ul>\n<li>Lavage \u00e0 30\u00b0<\/li>\n<\/ul>\n","protected":false},"excerpt":{"rendered":"<p>Nappe \u00e9l\u00e9gante en coton bleu, id\u00e9ale pour sublimer vos tables.<\/p>\n","protected":false},"featured_media":805,"template":"","meta":[],"product_cat":[36,43],"product_tag":[],"class_list":["post-802","product","type-product","status-publish","has-post-thumbnail","hentry","product_cat-home","product_cat-nappes-chemins-de-table"],"_links":{"self":[{"href":"https:\/\/www.storasky.fr\/index.php\/wp-json\/wp\/v2\/product\/802","targetHints":{"allow":["GET"]}}],"collection":[{"href":"https:\/\/www.storasky.fr\/index.php\/wp-json\/wp\/v2\/product"}],"about":[{"href":"https:\/\/www.storasky.fr\/index.php\/wp-json\/wp\/v2\/types\/product"}],"wp:featuredmedia":[{"embeddable":true,"href":"https:\/\/www.storasky.fr\/index.php\/wp-json\/wp\/v2\/media\/805"}],"wp:attachment":[{"href":"https:\/\/www.storasky.fr\/index.php\/wp-json\/wp\/v2\/media?parent=802"}],"wp:term":[{"taxonomy":"product_cat","embeddable":true,"href":"https:\/\/www.storasky.fr\/index.php\/wp-json\/wp\/v2\/product_cat?post=802"},{"taxonomy":"product_tag","embeddable":true,"href":"https:\/\/www.storasky.fr\/index.php\/wp-json\/wp\/v2\/product_tag?post=802"}],"curies":[{"name":"wp","href":"https:\/\/api.w.org\/{rel}","templated":true}]}}