{"id":794,"date":"2024-12-22T17:45:54","date_gmt":"2024-12-22T16:45:54","guid":{"rendered":"https:\/\/www.storasky.fr\/?post_type=product&#038;p=794"},"modified":"2024-12-22T18:52:02","modified_gmt":"2024-12-22T17:52:02","slug":"tovaglia-bianca","status":"publish","type":"product","link":"https:\/\/www.storasky.fr\/index.php\/produit\/tovaglia-bianca\/","title":{"rendered":"Tovaglia bianca"},"content":{"rendered":"<ul>\n<li>Coton de satin<\/li>\n<li>Centre en Guipure<\/li>\n<li>2m50 x 2m50<\/li>\n<\/ul>\n<p><strong>Entretien :<\/strong><\/p>\n<ul>\n<li>Lavage \u00e0 30\u00b0<\/li>\n<\/ul>\n","protected":false},"excerpt":{"rendered":"<p>Une nappe \u00e9l\u00e9gante en coton de satin blanc, orn\u00e9e d\u2019un somptueux centre en guipure d\u00e9licate, id\u00e9ale pour sublimer vos tables.<\/p>\n","protected":false},"featured_media":798,"template":"","meta":[],"product_cat":[36,43],"product_tag":[],"class_list":["post-794","product","type-product","status-publish","has-post-thumbnail","hentry","product_cat-home","product_cat-nappes-chemins-de-table"],"_links":{"self":[{"href":"https:\/\/www.storasky.fr\/index.php\/wp-json\/wp\/v2\/product\/794","targetHints":{"allow":["GET"]}}],"collection":[{"href":"https:\/\/www.storasky.fr\/index.php\/wp-json\/wp\/v2\/product"}],"about":[{"href":"https:\/\/www.storasky.fr\/index.php\/wp-json\/wp\/v2\/types\/product"}],"wp:featuredmedia":[{"embeddable":true,"href":"https:\/\/www.storasky.fr\/index.php\/wp-json\/wp\/v2\/media\/798"}],"wp:attachment":[{"href":"https:\/\/www.storasky.fr\/index.php\/wp-json\/wp\/v2\/media?parent=794"}],"wp:term":[{"taxonomy":"product_cat","embeddable":true,"href":"https:\/\/www.storasky.fr\/index.php\/wp-json\/wp\/v2\/product_cat?post=794"},{"taxonomy":"product_tag","embeddable":true,"href":"https:\/\/www.storasky.fr\/index.php\/wp-json\/wp\/v2\/product_tag?post=794"}],"curies":[{"name":"wp","href":"https:\/\/api.w.org\/{rel}","templated":true}]}}