{"id":762,"date":"2024-12-22T17:24:38","date_gmt":"2024-12-22T16:24:38","guid":{"rendered":"https:\/\/www.storasky.fr\/?post_type=product&#038;p=762"},"modified":"2024-12-22T18:54:39","modified_gmt":"2024-12-22T17:54:39","slug":"dali","status":"publish","type":"product","link":"https:\/\/www.storasky.fr\/index.php\/produit\/dali\/","title":{"rendered":"Dali"},"content":{"rendered":"<ul>\n<li>Coton 100%<\/li>\n<li>50 x 50 cm<\/li>\n<li>Finitions brod\u00e9es<\/li>\n<\/ul>\n<p><strong>Entretien :<\/strong><\/p>\n<ul>\n<li>Lavage \u00e0 30\u00b0<\/li>\n<\/ul>\n","protected":false},"excerpt":{"rendered":"<p>Un ensemble de 6 serviettes de table en coton, raffin\u00e9es et r\u00e9sistantes, elles ajoutent une note d&#8217;\u00e9l\u00e9gance \u00e0 votre table.<\/p>\n","protected":false},"featured_media":763,"template":"","meta":[],"product_cat":[36,41],"product_tag":[],"class_list":["post-762","product","type-product","status-publish","has-post-thumbnail","hentry","product_cat-home","product_cat-serviettes-de-table"],"_links":{"self":[{"href":"https:\/\/www.storasky.fr\/index.php\/wp-json\/wp\/v2\/product\/762","targetHints":{"allow":["GET"]}}],"collection":[{"href":"https:\/\/www.storasky.fr\/index.php\/wp-json\/wp\/v2\/product"}],"about":[{"href":"https:\/\/www.storasky.fr\/index.php\/wp-json\/wp\/v2\/types\/product"}],"wp:featuredmedia":[{"embeddable":true,"href":"https:\/\/www.storasky.fr\/index.php\/wp-json\/wp\/v2\/media\/763"}],"wp:attachment":[{"href":"https:\/\/www.storasky.fr\/index.php\/wp-json\/wp\/v2\/media?parent=762"}],"wp:term":[{"taxonomy":"product_cat","embeddable":true,"href":"https:\/\/www.storasky.fr\/index.php\/wp-json\/wp\/v2\/product_cat?post=762"},{"taxonomy":"product_tag","embeddable":true,"href":"https:\/\/www.storasky.fr\/index.php\/wp-json\/wp\/v2\/product_tag?post=762"}],"curies":[{"name":"wp","href":"https:\/\/api.w.org\/{rel}","templated":true}]}}