{"id":707,"date":"2024-12-15T17:27:09","date_gmt":"2024-12-15T16:27:09","guid":{"rendered":"https:\/\/www.storasky.fr\/?post_type=product&#038;p=707"},"modified":"2024-12-15T17:28:52","modified_gmt":"2024-12-15T16:28:52","slug":"caban","status":"publish","type":"product","link":"https:\/\/www.storasky.fr\/index.php\/produit\/caban\/","title":{"rendered":"Caban"},"content":{"rendered":"<ul>\n<li>Fabrication fran\u00e7aise<\/li>\n<li>Caban en velours<\/li>\n<li>Doublure en soie<\/li>\n<\/ul>\n<p><strong>Entretien :<\/strong><\/p>\n<ul>\n<li>Pressing<\/li>\n<\/ul>\n","protected":false},"excerpt":{"rendered":"<p>Enveloppant et l\u00e9ger le Caban Storasky se d\u00e9marque par sa coupe unique, rehauss\u00e9 par le chic d\u2019un velours matelass\u00e9 et d&#8217;une doublure en soie.<\/p>\n","protected":false},"featured_media":708,"template":"","meta":[],"product_cat":[30],"product_tag":[],"class_list":["post-707","product","type-product","status-publish","has-post-thumbnail","hentry","product_cat-vestes"],"_links":{"self":[{"href":"https:\/\/www.storasky.fr\/index.php\/wp-json\/wp\/v2\/product\/707","targetHints":{"allow":["GET"]}}],"collection":[{"href":"https:\/\/www.storasky.fr\/index.php\/wp-json\/wp\/v2\/product"}],"about":[{"href":"https:\/\/www.storasky.fr\/index.php\/wp-json\/wp\/v2\/types\/product"}],"wp:featuredmedia":[{"embeddable":true,"href":"https:\/\/www.storasky.fr\/index.php\/wp-json\/wp\/v2\/media\/708"}],"wp:attachment":[{"href":"https:\/\/www.storasky.fr\/index.php\/wp-json\/wp\/v2\/media?parent=707"}],"wp:term":[{"taxonomy":"product_cat","embeddable":true,"href":"https:\/\/www.storasky.fr\/index.php\/wp-json\/wp\/v2\/product_cat?post=707"},{"taxonomy":"product_tag","embeddable":true,"href":"https:\/\/www.storasky.fr\/index.php\/wp-json\/wp\/v2\/product_tag?post=707"}],"curies":[{"name":"wp","href":"https:\/\/api.w.org\/{rel}","templated":true}]}}