{"id":657,"date":"2024-08-31T11:05:54","date_gmt":"2024-08-31T09:05:54","guid":{"rendered":"https:\/\/www.storasky.fr\/?post_type=product&#038;p=657"},"modified":"2024-12-22T16:15:21","modified_gmt":"2024-12-22T15:15:21","slug":"pantaloni-floreale","status":"publish","type":"product","link":"https:\/\/www.storasky.fr\/index.php\/produit\/pantaloni-floreale\/","title":{"rendered":"Pantaloni &#8211; Floreale"},"content":{"rendered":"<ul>\n<li>Fabrication fran\u00e7aise<\/li>\n<li>Tissu Italien<\/li>\n<li>Ceinture \u00e0 la taille<\/li>\n<li>Elastique \u00e0 la taille<\/li>\n<li>Poches<\/li>\n<li>longueur : sous les chevilles<\/li>\n<\/ul>\n<p><strong>Entretien :<\/strong><\/p>\n<ul>\n<li>\u00a0Lavage \u00e0 30\u00b0<\/li>\n<\/ul>\n","protected":false},"excerpt":{"rendered":"<p>Le pantalon Floreale,\u00a0 une coupe droite, un \u00e9lastique ainsi qu&#8217;une ceinture \u00e0 la taille et un motif unique ! Chic et confortable. Toujours r\u00e9alis\u00e9 dans notre atelier parisien, le pantalon Floreale est le fruit d\u2019un savoir-faire fran\u00e7ais<\/p>\n","protected":false},"featured_media":656,"template":"","meta":[],"product_cat":[38,29],"product_tag":[],"class_list":["post-657","product","type-product","status-publish","has-post-thumbnail","hentry","product_cat-pantalons","product_cat-pret-a-porter"],"_links":{"self":[{"href":"https:\/\/www.storasky.fr\/index.php\/wp-json\/wp\/v2\/product\/657","targetHints":{"allow":["GET"]}}],"collection":[{"href":"https:\/\/www.storasky.fr\/index.php\/wp-json\/wp\/v2\/product"}],"about":[{"href":"https:\/\/www.storasky.fr\/index.php\/wp-json\/wp\/v2\/types\/product"}],"wp:featuredmedia":[{"embeddable":true,"href":"https:\/\/www.storasky.fr\/index.php\/wp-json\/wp\/v2\/media\/656"}],"wp:attachment":[{"href":"https:\/\/www.storasky.fr\/index.php\/wp-json\/wp\/v2\/media?parent=657"}],"wp:term":[{"taxonomy":"product_cat","embeddable":true,"href":"https:\/\/www.storasky.fr\/index.php\/wp-json\/wp\/v2\/product_cat?post=657"},{"taxonomy":"product_tag","embeddable":true,"href":"https:\/\/www.storasky.fr\/index.php\/wp-json\/wp\/v2\/product_tag?post=657"}],"curies":[{"name":"wp","href":"https:\/\/api.w.org\/{rel}","templated":true}]}}