{"id":622,"date":"2024-08-30T18:53:24","date_gmt":"2024-08-30T16:53:24","guid":{"rendered":"https:\/\/www.storasky.fr\/?post_type=product&#038;p=622"},"modified":"2024-12-31T15:43:05","modified_gmt":"2024-12-31T14:43:05","slug":"marylin-blue","status":"publish","type":"product","link":"https:\/\/www.storasky.fr\/index.php\/produit\/marylin-blue\/","title":{"rendered":"Marylin &#8211; Blue"},"content":{"rendered":"<ul>\n<li>Fabrication fran\u00e7aise<\/li>\n<li>Cr\u00eape de laine<\/li>\n<li>Taille cintr\u00e9e<\/li>\n<li>\u00c9vas\u00e9e<\/li>\n<\/ul>\n<p><strong>Entretien :<\/strong><\/p>\n<ul>\n<li>\u00a0Lavage \u00e0 30\u00b0<\/li>\n<\/ul>\n","protected":false},"excerpt":{"rendered":"<p>La jupe Marilyn Blue, alliant le chic d&#8217;une coupe cintr\u00e9e et \u00e9vas\u00e9e \u00e0 l&#8217;\u00e9l\u00e9gance du cr\u00eape de laine.<\/p>\n","protected":false},"featured_media":650,"template":"","meta":[],"product_cat":[39,29],"product_tag":[],"class_list":["post-622","product","type-product","status-publish","has-post-thumbnail","hentry","product_cat-jupes","product_cat-pret-a-porter"],"_links":{"self":[{"href":"https:\/\/www.storasky.fr\/index.php\/wp-json\/wp\/v2\/product\/622","targetHints":{"allow":["GET"]}}],"collection":[{"href":"https:\/\/www.storasky.fr\/index.php\/wp-json\/wp\/v2\/product"}],"about":[{"href":"https:\/\/www.storasky.fr\/index.php\/wp-json\/wp\/v2\/types\/product"}],"wp:featuredmedia":[{"embeddable":true,"href":"https:\/\/www.storasky.fr\/index.php\/wp-json\/wp\/v2\/media\/650"}],"wp:attachment":[{"href":"https:\/\/www.storasky.fr\/index.php\/wp-json\/wp\/v2\/media?parent=622"}],"wp:term":[{"taxonomy":"product_cat","embeddable":true,"href":"https:\/\/www.storasky.fr\/index.php\/wp-json\/wp\/v2\/product_cat?post=622"},{"taxonomy":"product_tag","embeddable":true,"href":"https:\/\/www.storasky.fr\/index.php\/wp-json\/wp\/v2\/product_tag?post=622"}],"curies":[{"name":"wp","href":"https:\/\/api.w.org\/{rel}","templated":true}]}}