{"id":604,"date":"2024-08-30T17:55:15","date_gmt":"2024-08-30T15:55:15","guid":{"rendered":"https:\/\/www.storasky.fr\/?post_type=product&#038;p=604"},"modified":"2024-12-18T15:10:10","modified_gmt":"2024-12-18T14:10:10","slug":"cali","status":"publish","type":"product","link":"https:\/\/www.storasky.fr\/index.php\/produit\/cali\/","title":{"rendered":"Caftan &#8211; Cali"},"content":{"rendered":"<ul>\n<li>Fabrication fran\u00e7aise<\/li>\n<li>One size<\/li>\n<li>Robe-caftan<\/li>\n<li>Col bateau en dentelle de Calais<\/li>\n<li>Manches drap\u00e9es<\/li>\n<li>Ceinture \u00e0 la taille<\/li>\n<li>Bas asym\u00e9trique<\/li>\n<li>Robe longue<\/li>\n<\/ul>\n<p><strong>Entretien :<\/strong><\/p>\n<ul>\n<li>\u00a0Lavage \u00e0 30\u00b0<\/li>\n<\/ul>\n","protected":false},"excerpt":{"rendered":"<p>Cette robe-caftan arbore un m\u00e9lange de motifs qui contrastent avec un col en dentelle de calais, coup\u00e9e dans de la soie pure, qui allie esth\u00e9tique d\u00e9contract\u00e9 et \u00e9l\u00e9ments haut de gamme.<\/p>\n<p>Con\u00e7u en soie, c\u2019est un tissu naturel, durable, qui pr\u00e9sente de nombreux avantages : antibact\u00e9rienne, hypoallerg\u00e9nique, hygi\u00e9nique, thermique et esth\u00e9tique.<\/p>\n<p>&nbsp;<\/p>\n","protected":false},"featured_media":607,"template":"","meta":[],"product_cat":[29],"product_tag":[],"class_list":["post-604","product","type-product","status-publish","has-post-thumbnail","hentry","product_cat-pret-a-porter"],"_links":{"self":[{"href":"https:\/\/www.storasky.fr\/index.php\/wp-json\/wp\/v2\/product\/604","targetHints":{"allow":["GET"]}}],"collection":[{"href":"https:\/\/www.storasky.fr\/index.php\/wp-json\/wp\/v2\/product"}],"about":[{"href":"https:\/\/www.storasky.fr\/index.php\/wp-json\/wp\/v2\/types\/product"}],"wp:featuredmedia":[{"embeddable":true,"href":"https:\/\/www.storasky.fr\/index.php\/wp-json\/wp\/v2\/media\/607"}],"wp:attachment":[{"href":"https:\/\/www.storasky.fr\/index.php\/wp-json\/wp\/v2\/media?parent=604"}],"wp:term":[{"taxonomy":"product_cat","embeddable":true,"href":"https:\/\/www.storasky.fr\/index.php\/wp-json\/wp\/v2\/product_cat?post=604"},{"taxonomy":"product_tag","embeddable":true,"href":"https:\/\/www.storasky.fr\/index.php\/wp-json\/wp\/v2\/product_tag?post=604"}],"curies":[{"name":"wp","href":"https:\/\/api.w.org\/{rel}","templated":true}]}}