{"id":599,"date":"2024-08-30T11:04:56","date_gmt":"2024-08-30T09:04:56","guid":{"rendered":"https:\/\/www.storasky.fr\/?post_type=product&#038;p=599"},"modified":"2024-12-22T16:16:58","modified_gmt":"2024-12-22T15:16:58","slug":"599","status":"publish","type":"product","link":"https:\/\/www.storasky.fr\/index.php\/produit\/599\/","title":{"rendered":"Camicia &#8211; Hayda"},"content":{"rendered":"<ul>\n<li>Fabrication fran\u00e7aise<\/li>\n<li>Tissu Italien<\/li>\n<li>Soie<\/li>\n<li>Col plat<\/li>\n<li>Manches longues<\/li>\n<li>Elastique aux poignets<\/li>\n<li>One Size<\/li>\n<\/ul>\n<p><strong>Entretien :<\/strong><\/p>\n<ul>\n<li>\u00a0Lavage \u00e0 30\u00b0<\/li>\n<\/ul>\n","protected":false},"excerpt":{"rendered":"<p>La chemise Hayda arbore des manches longues et des \u00e9lastiques aux poignets. Confortable et chic, c\u2019est une chemise id\u00e9al pour\u00a0 chaque occasion. Arborant des motifs et des couleurs, c&#8217;est le plus de votre tenue. Toujours r\u00e9alis\u00e9 dans notre atelier, Hayda est le r\u00e9sultat d\u2019un savoir faire fran\u00e7ais.<\/p>\n","protected":false},"featured_media":603,"template":"","meta":[],"product_cat":[37,29],"product_tag":[],"class_list":["post-599","product","type-product","status-publish","has-post-thumbnail","hentry","product_cat-chemises","product_cat-pret-a-porter"],"_links":{"self":[{"href":"https:\/\/www.storasky.fr\/index.php\/wp-json\/wp\/v2\/product\/599","targetHints":{"allow":["GET"]}}],"collection":[{"href":"https:\/\/www.storasky.fr\/index.php\/wp-json\/wp\/v2\/product"}],"about":[{"href":"https:\/\/www.storasky.fr\/index.php\/wp-json\/wp\/v2\/types\/product"}],"wp:featuredmedia":[{"embeddable":true,"href":"https:\/\/www.storasky.fr\/index.php\/wp-json\/wp\/v2\/media\/603"}],"wp:attachment":[{"href":"https:\/\/www.storasky.fr\/index.php\/wp-json\/wp\/v2\/media?parent=599"}],"wp:term":[{"taxonomy":"product_cat","embeddable":true,"href":"https:\/\/www.storasky.fr\/index.php\/wp-json\/wp\/v2\/product_cat?post=599"},{"taxonomy":"product_tag","embeddable":true,"href":"https:\/\/www.storasky.fr\/index.php\/wp-json\/wp\/v2\/product_tag?post=599"}],"curies":[{"name":"wp","href":"https:\/\/api.w.org\/{rel}","templated":true}]}}