{"id":591,"date":"2024-08-30T10:47:48","date_gmt":"2024-08-30T08:47:48","guid":{"rendered":"https:\/\/www.storasky.fr\/?post_type=product&#038;p=591"},"modified":"2024-10-07T16:15:46","modified_gmt":"2024-10-07T14:15:46","slug":"mia","status":"publish","type":"product","link":"https:\/\/www.storasky.fr\/index.php\/produit\/mia\/","title":{"rendered":"Mia"},"content":{"rendered":"<ul>\n<li>Fabrication fran\u00e7aise<\/li>\n<li>Tissus italien<\/li>\n<li>Taille unique<\/li>\n<li>Kimono en velours de soie<\/li>\n<li>Doublure en soie<\/li>\n<li>Longueur : mi-mollet<\/li>\n<li>Passants sur les cot\u00e9s<\/li>\n<\/ul>\n<p><strong>Entretien :<\/strong><\/p>\n<ul>\n<li>Pressing\/lavage \u00e0 sec<\/li>\n<\/ul>\n","protected":false},"excerpt":{"rendered":"<p>Le kimono Mia est une pi\u00e8ce unique, un tissu italien \u00e0 imprim\u00e9 floraux , une \u0153uvre d\u2019art r\u00e9alis\u00e9 enti\u00e8rement \u00e0 la main dans notre atelier \u00e0 Paris.<\/p>\n<p>Le kimono est oversize, c&#8217;est une taille unique.<\/p>\n<p>&nbsp;<\/p>\n","protected":false},"featured_media":646,"template":"","meta":[],"product_cat":[28],"product_tag":[],"class_list":["post-591","product","type-product","status-publish","has-post-thumbnail","hentry","product_cat-kimonos"],"_links":{"self":[{"href":"https:\/\/www.storasky.fr\/index.php\/wp-json\/wp\/v2\/product\/591","targetHints":{"allow":["GET"]}}],"collection":[{"href":"https:\/\/www.storasky.fr\/index.php\/wp-json\/wp\/v2\/product"}],"about":[{"href":"https:\/\/www.storasky.fr\/index.php\/wp-json\/wp\/v2\/types\/product"}],"wp:featuredmedia":[{"embeddable":true,"href":"https:\/\/www.storasky.fr\/index.php\/wp-json\/wp\/v2\/media\/646"}],"wp:attachment":[{"href":"https:\/\/www.storasky.fr\/index.php\/wp-json\/wp\/v2\/media?parent=591"}],"wp:term":[{"taxonomy":"product_cat","embeddable":true,"href":"https:\/\/www.storasky.fr\/index.php\/wp-json\/wp\/v2\/product_cat?post=591"},{"taxonomy":"product_tag","embeddable":true,"href":"https:\/\/www.storasky.fr\/index.php\/wp-json\/wp\/v2\/product_tag?post=591"}],"curies":[{"name":"wp","href":"https:\/\/api.w.org\/{rel}","templated":true}]}}