{"id":265,"date":"2023-11-27T16:10:30","date_gmt":"2023-11-27T15:10:30","guid":{"rendered":"https:\/\/www.storasky.fr\/?post_type=product&#038;p=265"},"modified":"2024-09-27T18:35:01","modified_gmt":"2024-09-27T16:35:01","slug":"atta","status":"publish","type":"product","link":"https:\/\/www.storasky.fr\/index.php\/produit\/atta\/","title":{"rendered":"Atta"},"content":{"rendered":"<ul>\n<li>Fabrication fran\u00e7aise<\/li>\n<li>Veste oversize<\/li>\n<li>Doubl\u00e9 en soie<\/li>\n<li>Broderie : fil de soie et cristaux<\/li>\n<li>Peinture \u00e0 la main<\/li>\n<\/ul>\n<p><strong>Entretien :<\/strong><\/p>\n<ul>\n<li>Lavage \u00e0 sec<\/li>\n<\/ul>\n","protected":false},"excerpt":{"rendered":"<div class=\"woocommerce-product-details__short-description\">\n<div class=\"woocommerce-product-details__short-description\">\n<p>De paillettes et cristaux brod\u00e9s \u00e0 la main, la veste Atta est le fruit d\u2019un travail minutieux. Peint \u00e0 la main c\u2019est un joyau issu d\u2019un savoir-faire artisanal.<\/p>\n<p>Doubl\u00e9 en soie, c\u2019est un tissu naturel, durable, qui pr\u00e9sente de nombreux avantages : antibact\u00e9rienne, hypoallerg\u00e9nique, hygi\u00e9nique, thermique et esth\u00e9tique.<\/p>\n<\/div>\n<\/div>\n","protected":false},"featured_media":268,"template":"","meta":[],"product_cat":[30],"product_tag":[],"class_list":["post-265","product","type-product","status-publish","has-post-thumbnail","hentry","product_cat-vestes"],"_links":{"self":[{"href":"https:\/\/www.storasky.fr\/index.php\/wp-json\/wp\/v2\/product\/265","targetHints":{"allow":["GET"]}}],"collection":[{"href":"https:\/\/www.storasky.fr\/index.php\/wp-json\/wp\/v2\/product"}],"about":[{"href":"https:\/\/www.storasky.fr\/index.php\/wp-json\/wp\/v2\/types\/product"}],"wp:featuredmedia":[{"embeddable":true,"href":"https:\/\/www.storasky.fr\/index.php\/wp-json\/wp\/v2\/media\/268"}],"wp:attachment":[{"href":"https:\/\/www.storasky.fr\/index.php\/wp-json\/wp\/v2\/media?parent=265"}],"wp:term":[{"taxonomy":"product_cat","embeddable":true,"href":"https:\/\/www.storasky.fr\/index.php\/wp-json\/wp\/v2\/product_cat?post=265"},{"taxonomy":"product_tag","embeddable":true,"href":"https:\/\/www.storasky.fr\/index.php\/wp-json\/wp\/v2\/product_tag?post=265"}],"curies":[{"name":"wp","href":"https:\/\/api.w.org\/{rel}","templated":true}]}}