{"id":233,"date":"2023-11-27T15:49:02","date_gmt":"2023-11-27T14:49:02","guid":{"rendered":"https:\/\/www.storasky.fr\/?post_type=product&#038;p=233"},"modified":"2024-10-07T16:22:03","modified_gmt":"2024-10-07T14:22:03","slug":"blue","status":"publish","type":"product","link":"https:\/\/www.storasky.fr\/index.php\/produit\/blue\/","title":{"rendered":"Blue"},"content":{"rendered":"<ul>\n<li>Fabrication fran\u00e7aise<\/li>\n<li>Tissus italien<\/li>\n<li>Kimono en velours<\/li>\n<li>Doublure en soie<\/li>\n<li>Longueur : mi-mollet<\/li>\n<\/ul>\n<p><strong>Entretien :<\/strong><\/p>\n<ul>\n<li>Lavage \u00e0 sec<\/li>\n<\/ul>\n","protected":false},"excerpt":{"rendered":"<p>R\u00e9alis\u00e9 enti\u00e8rement \u00e0 la main, le Kimono Blue est en velours de soie, fluide et \u00e9l\u00e9gant c\u2019est une pi\u00e8ce qui ornera vos tenues d\u2019une touche de charme.<\/p>\n<p>Doubl\u00e9 en soie, c\u2019est un tissu naturel, durable, qui pr\u00e9sente de nombreux avantages : antibact\u00e9rienne, hypoallerg\u00e9nique, hygi\u00e9nique, thermique et esth\u00e9tique.<\/p>\n","protected":false},"featured_media":235,"template":"","meta":[],"product_cat":[28],"product_tag":[],"class_list":["post-233","product","type-product","status-publish","has-post-thumbnail","hentry","product_cat-kimonos"],"_links":{"self":[{"href":"https:\/\/www.storasky.fr\/index.php\/wp-json\/wp\/v2\/product\/233","targetHints":{"allow":["GET"]}}],"collection":[{"href":"https:\/\/www.storasky.fr\/index.php\/wp-json\/wp\/v2\/product"}],"about":[{"href":"https:\/\/www.storasky.fr\/index.php\/wp-json\/wp\/v2\/types\/product"}],"wp:featuredmedia":[{"embeddable":true,"href":"https:\/\/www.storasky.fr\/index.php\/wp-json\/wp\/v2\/media\/235"}],"wp:attachment":[{"href":"https:\/\/www.storasky.fr\/index.php\/wp-json\/wp\/v2\/media?parent=233"}],"wp:term":[{"taxonomy":"product_cat","embeddable":true,"href":"https:\/\/www.storasky.fr\/index.php\/wp-json\/wp\/v2\/product_cat?post=233"},{"taxonomy":"product_tag","embeddable":true,"href":"https:\/\/www.storasky.fr\/index.php\/wp-json\/wp\/v2\/product_tag?post=233"}],"curies":[{"name":"wp","href":"https:\/\/api.w.org\/{rel}","templated":true}]}}