{"id":194,"date":"2023-11-27T14:19:13","date_gmt":"2023-11-27T13:19:13","guid":{"rendered":"https:\/\/www.storasky.fr\/?post_type=product&#038;p=194"},"modified":"2024-10-07T16:22:37","modified_gmt":"2024-10-07T14:22:37","slug":"geiko-viola","status":"publish","type":"product","link":"https:\/\/www.storasky.fr\/index.php\/produit\/geiko-viola\/","title":{"rendered":"Geiko &#8211; Viola"},"content":{"rendered":"<ul>\n<li>Fabrication fran\u00e7aise<\/li>\n<li>Tissu italien<\/li>\n<li>Taille unique<\/li>\n<li>Kimono en soie<\/li>\n<li>Doublure en soie<\/li>\n<li>Longueur : Au dessus des chevilles<\/li>\n<li>Passants sur les cot\u00e9s<\/li>\n<\/ul>\n<p><strong>Entretien :<\/strong><\/p>\n<ul>\n<li>Lavage de pr\u00e9f\u00e9rence \u00e0 la main \/ \u00e0 30\u00b0 \u00e0 l\u2019envers en machine<\/li>\n<\/ul>\n<p>&nbsp;<\/p>\n","protected":false},"excerpt":{"rendered":"<div class=\"woocommerce-product-details__short-description\">\n<p>Le kimono en peinture sur soie Geiko &#8211; Viola est une v\u00e9ritable \u0153uvre d\u2019art, r\u00e9alis\u00e9 enti\u00e8rement \u00e0 la main, son dessin est unique.<\/p>\n<p>Con\u00e7u en soie, c\u2019est un tissu naturel, durable, qui pr\u00e9sente de nombreux avantages : antibact\u00e9rienne, hypoallerg\u00e9nique, hygi\u00e9nique, thermique et esth\u00e9tique.<\/p>\n<p>Le plus du kimono ?<\/p>\n<p>Nous avons ajout\u00e9 des passants pour pouvoir le porter comme une robe.<\/p>\n<\/div>\n","protected":false},"featured_media":197,"template":"","meta":[],"product_cat":[28],"product_tag":[],"class_list":["post-194","product","type-product","status-publish","has-post-thumbnail","hentry","product_cat-kimonos"],"_links":{"self":[{"href":"https:\/\/www.storasky.fr\/index.php\/wp-json\/wp\/v2\/product\/194","targetHints":{"allow":["GET"]}}],"collection":[{"href":"https:\/\/www.storasky.fr\/index.php\/wp-json\/wp\/v2\/product"}],"about":[{"href":"https:\/\/www.storasky.fr\/index.php\/wp-json\/wp\/v2\/types\/product"}],"wp:featuredmedia":[{"embeddable":true,"href":"https:\/\/www.storasky.fr\/index.php\/wp-json\/wp\/v2\/media\/197"}],"wp:attachment":[{"href":"https:\/\/www.storasky.fr\/index.php\/wp-json\/wp\/v2\/media?parent=194"}],"wp:term":[{"taxonomy":"product_cat","embeddable":true,"href":"https:\/\/www.storasky.fr\/index.php\/wp-json\/wp\/v2\/product_cat?post=194"},{"taxonomy":"product_tag","embeddable":true,"href":"https:\/\/www.storasky.fr\/index.php\/wp-json\/wp\/v2\/product_tag?post=194"}],"curies":[{"name":"wp","href":"https:\/\/api.w.org\/{rel}","templated":true}]}}