{"id":113,"date":"2023-11-27T13:11:21","date_gmt":"2023-11-27T12:11:21","guid":{"rendered":"https:\/\/www.storasky.fr\/?post_type=product&#038;p=113"},"modified":"2024-10-07T16:28:21","modified_gmt":"2024-10-07T14:28:21","slug":"stora","status":"publish","type":"product","link":"https:\/\/www.storasky.fr\/index.php\/produit\/stora\/","title":{"rendered":"Stora"},"content":{"rendered":"<ul>\n<li>Fabrication fran\u00e7aise<\/li>\n<li>Tissu italien<\/li>\n<li>Veste en velours<\/li>\n<li>Doublure en soie<\/li>\n<\/ul>\n<p><strong>Entretien :<\/strong><\/p>\n<ul>\n<li>Lavage \u00e0 30\u00b0<\/li>\n<\/ul>\n<p>&nbsp;<\/p>\n<p>&nbsp;<\/p>\n","protected":false},"excerpt":{"rendered":"<p style=\"text-align: left;\">R\u00e9alis\u00e9 \u00e0 la main dans notre atelier, le Bombers Stora associe un velours d&#8217;astrakan \u00e0 une doublure en soie. \u00c9l\u00e9gant et moderne, c&#8217;est une pi\u00e8ce qui se marie \u00e0 tous vos looks.<\/p>\n<p style=\"text-align: left;\">Doubl\u00e9 en soie, c\u2019est un tissu naturel, durable, qui pr\u00e9sente de nombreux avantages : antibact\u00e9rienne, hypoallerg\u00e9nique, hygi\u00e9nique, thermique et esth\u00e9tique.<\/p>\n","protected":false},"featured_media":663,"template":"","meta":[],"product_cat":[30],"product_tag":[],"class_list":["post-113","product","type-product","status-publish","has-post-thumbnail","hentry","product_cat-vestes"],"_links":{"self":[{"href":"https:\/\/www.storasky.fr\/index.php\/wp-json\/wp\/v2\/product\/113","targetHints":{"allow":["GET"]}}],"collection":[{"href":"https:\/\/www.storasky.fr\/index.php\/wp-json\/wp\/v2\/product"}],"about":[{"href":"https:\/\/www.storasky.fr\/index.php\/wp-json\/wp\/v2\/types\/product"}],"wp:featuredmedia":[{"embeddable":true,"href":"https:\/\/www.storasky.fr\/index.php\/wp-json\/wp\/v2\/media\/663"}],"wp:attachment":[{"href":"https:\/\/www.storasky.fr\/index.php\/wp-json\/wp\/v2\/media?parent=113"}],"wp:term":[{"taxonomy":"product_cat","embeddable":true,"href":"https:\/\/www.storasky.fr\/index.php\/wp-json\/wp\/v2\/product_cat?post=113"},{"taxonomy":"product_tag","embeddable":true,"href":"https:\/\/www.storasky.fr\/index.php\/wp-json\/wp\/v2\/product_tag?post=113"}],"curies":[{"name":"wp","href":"https:\/\/api.w.org\/{rel}","templated":true}]}}