{"id":25,"date":"2023-10-12T16:20:38","date_gmt":"2023-10-12T14:20:38","guid":{"rendered":"https:\/\/www.storasky.fr\/?page_id=25"},"modified":"2024-09-17T13:15:44","modified_gmt":"2024-09-17T11:15:44","slug":"conditions-generales-de-vente","status":"publish","type":"page","link":"https:\/\/www.storasky.fr\/index.php\/conditions-generales-de-vente\/","title":{"rendered":"Conditions g\u00e9n\u00e9rales de vente"},"content":{"rendered":"\n<p>Veuillez trouver ci-dessous nos conditions g\u00e9n\u00e9rales relatives \u00e0 l&#8217;utilisation du site internet storasky.sumupstore.com et \u00e0 l&#8217;achat de produits sur ce site.<\/p>\n\n\n<\/p>\n\n\n<p>N&#8217;h\u00e9sitez pas \u00e0 nous faire part de toute question relative aux pr\u00e9sentes conditions au moyen du formulaire de contact ci-dessous.<\/p>\n\n\n<\/p>\n\n\n<p>L&#8217;utilisation par les clients du site internet est r\u00e9gie par les pr\u00e9sentes conditions g\u00e9n\u00e9rales ainsi que tout avis ou toutes conditions figurant sur une quelconque autre partie du site internet. Nous pr\u00e9cisons \u00e0 toutes fins utiles que STORASKY peut modifier ou retirer \u00e0 tout moment toute partie du site internet, sans que sa responsabilit\u00e9 ne puisse \u00eatre engag\u00e9e du fait de ces modifications \u00e0 l&#8217;\u00e9gard des clients. STORASKY se r\u00e9serve le droit de modifier les pr\u00e9sentes conditions g\u00e9n\u00e9rales \u00e0 l&#8217;avenir sans \u00eatre tenue d&#8217;en aviser sp\u00e9cifiquement les clients. Le fait de poursuivre l&#8217;utilisation du site internet ou de passer commande ult\u00e9rieurement \u00e0 ces modifications vaudra acceptation de ces modifications.<\/p>\n\n\n<\/p>\n\n\n<p>Le contrat ne prendra effet entre vous (en qualit\u00e9 de client) et nous qu&#8217;une fois que la commande aura \u00e9t\u00e9 trait\u00e9e et exp\u00e9di\u00e9e.<\/p>\n\n\n<\/p>\n\n\n<p>En passant une commande au travers du pr\u00e9sent site internet, le client garantit :<\/p>\n\n\n<\/p>\n\n\n<p><br><br><\/p>\n<ol class=\"wp-block-list\">\n\n<li>&#8211; qu&#8217;il n&#8217;est pas mineur ou dans l&#8217;incapacit\u00e9 l\u00e9gale de passer un contrat.<\/li>\n\n\n<li>&#8211; que les coordonn\u00e9es divulgu\u00e9es lors de l&#8217;enregistrement sont compl\u00e8tes et exactes.<\/li>\n\n<p><\/p>\n\n<li>&#8211; qu&#8217;il n&#8217;utilise pas un faux nom ou celui d&#8217;une autre personne physique ou morale sans autorisation.<\/li>\n\n<\/ol>\n\n\n<\/p>\n\n\n<p><\/p>\n\n\n<\/p>\n\n\n<p><br><br><\/p>\n\n\n<\/p>\n\n\n<p><strong>Passer une commande<\/strong><\/p>\n\n\n<\/p>\n\n\n<p>En passant une commande, vous acceptez les pr\u00e9sentes conditions g\u00e9n\u00e9rales et reconnaissez les avoir lu avant de proc\u00e9der \u00e0 la commande.<\/p>\n\n\n<\/p>\n\n\n<p><p><br><br><\/p>\n<p><strong>Annuler une commande<\/strong><\/p><\/p>\n\n\n<\/p>\n\n\n<p>En tant que client, vous pouvez annuler une commande sous 14 jours et vous serez rembours\u00e9 du montant de cette derni\u00e8re sur le compte avec lequel vous avez pay\u00e9 votre commande.<\/p>\n\n\n<\/p>\n\n\n<p><p><br><br><\/p>\n<p><strong>Accepter une commande<\/strong><\/p><\/p>\n\n\n<\/p>\n\n\n<p>Au moment de passer une commande, vous recevrez une confirmation de commande \u00e0 l&#8217;adresse e-mail fournie lors du paiement, contenant les informations sur le contenu et le prix de la commande.<\/p>\n\n\n<\/p>\n\n\n<p><br> <br>\n<p><strong>Livraison<\/strong><\/p><\/p>\n\n\n<\/p>\n\n\n<p>En tant qu&#8217;acheteur, vous pouvez choisir parmi les options de livraison mentionn\u00e9es et le moment qui vous convient le mieux. STORASKY ne peut \u00eatre tenu responsable de tout dommage caus\u00e9 pendant le transport ou d\u00fb \u00e0 tout retard ind\u00e9pendant de sa volont\u00e9.<\/p>\n\n\n<\/p>\n\n\n<p><p><br><br><\/p>\n<p><strong>Politique de retour<\/strong><\/p><\/p>\n\n\n<\/p>\n\n\n<p>STORASKY accepte les retours si les articles n\u2019ont pas \u00e9t\u00e9 utilis\u00e9s, modifi\u00e9s, lav\u00e9s ou autrement manipul\u00e9s dans un d\u00e9lai de 14 jours \u00e0 partir du jour de livraison de l\u2019article, si ce d\u00e9lai expire un samedi, un dimanche ou un jour f\u00e9ri\u00e9, il est prolong\u00e9 jusqu&#8217;au premier jour ouvrable. Les articles doivent \u00eatre retourn\u00e9s dans leur emballage d\u2019origine. Les articles ne peuvent \u00eatre retourn\u00e9s \u00e0 STORASKY sans le consentement \u00e9crit pr\u00e9alable de STORASKY et sont soumis \u00e0 des frais de retour.<\/p>\n\n\n<\/p>\n\n\n<p><p><br><br><\/p>\n<p><strong>Responsabilit\u00e9<\/strong><\/p><\/p>\n\n\n<\/p>\n\n\n<p>Nous nous effor\u00e7ons de maintenir les informations figurant sur le pr\u00e9sent site internet aussi exactes que possible ; toutefois, nous ne formulons aucune garantie \u00e0 cet \u00e9gard, qu&#8217;elle soit expresse ou implicite. De m\u00eame, nous ne formulons aucune garantie \u00e0 l&#8217;\u00e9gard de l&#8217;utilisation du pr\u00e9sent site internet ; il incombe \u00e0 chaque utilisateur de s&#8217;assurer que ses appareils sont prot\u00e9g\u00e9s contre les virus ou contre tout autre facteur ext\u00e9rieur.<\/p>\n\n\n<\/p>\n\n\n<p>Vos droits sont prot\u00e9g\u00e9s en vertu de la loi irlandaise sur la vente de marchandises et la prestation de services (Sale of Goods and Supply of Services Act) de 1980, ainsi que de la loi en mati\u00e8re de protection des consommateurs (Consumer Protection Act) de 2007, en votre qualit\u00e9 de consommateur. Le pr\u00e9sent site internet n&#8217;affectera pas vos droits en vertu du droit en vigueur de quelque mani\u00e8re que ce soit.<\/p>\n\n\n<\/p>\n\n\n<p><p><br><br><\/p>\n<p><strong>Divisibilit\u00e9<\/strong><\/p><\/p>\n\n\n<\/p>\n\n\n<p>Toute disposition des pr\u00e9sentes conditions g\u00e9n\u00e9rales qui viendrait \u00e0 \u00eatre nulle, ill\u00e9gale ou non applicable pour quelque raison que ce soit sera r\u00e9put\u00e9e dissoci\u00e9e du reste des conditions g\u00e9n\u00e9rales qui demeureront valables et ex\u00e9cutoires.<\/p>\n\n\n\n\n\n<p>Toute disposition des pr\u00e9sentes conditions g\u00e9n\u00e9rales qui viendrait \u00e0 \u00eatre nulle, ill\u00e9gale ou non applicable pour quelque raison que ce soit sera r\u00e9put\u00e9e dissoci\u00e9e du reste des conditions g\u00e9n\u00e9rales qui demeureront valables et ex\u00e9cutoires.<\/p>\n\n\n\n<p><p><br><br><\/p>\n<p><strong>Identification<\/strong><\/p><\/p>\n\n\n\n<p>Le pr\u00e9sent site storasky.fr (&#8220;le site&#8221;) est \u00e9dit\u00e9 pas STORASKY SAS, soci\u00e9t\u00e9 par action simplifi\u00e9e, immatricul\u00e9e au registre du commerce et des soci\u00e9t\u00e9s de Paris sous le num\u00e9ro 849605365 dont le si\u00e8ge social est situ\u00e9e au 7 avenue Georges Pompidou 93320, les Pavillons-sous-bois &#8211; num\u00e9ro de t\u00e9l\u00e9phone : + 33 6 46 23 08 21 ; Adresse mail : contact@storasky.fr ; TVA : \nFR31914884283<\/p>\n\n\n\n<p><\/p>\n","protected":false},"excerpt":{"rendered":"<p>Veuillez trouver ci-dessous nos conditions g\u00e9n\u00e9rales relatives \u00e0 l&#8217;utilisation du site internet storasky.sumupstore.com et \u00e0 l&#8217;achat de produits sur ce site. N&#8217;h\u00e9sitez pas \u00e0 nous faire part de toute question relative aux pr\u00e9sentes conditions au moyen du formulaire de contact ci-dessous. L&#8217;utilisation par les clients du site internet est r\u00e9gie par les pr\u00e9sentes conditions g\u00e9n\u00e9rales [&hellip;]<\/p>\n","protected":false},"author":1,"featured_media":0,"parent":0,"menu_order":0,"comment_status":"closed","ping_status":"closed","template":"","meta":{"footnotes":""},"class_list":["post-25","page","type-page","status-publish","hentry"],"_links":{"self":[{"href":"https:\/\/www.storasky.fr\/index.php\/wp-json\/wp\/v2\/pages\/25","targetHints":{"allow":["GET"]}}],"collection":[{"href":"https:\/\/www.storasky.fr\/index.php\/wp-json\/wp\/v2\/pages"}],"about":[{"href":"https:\/\/www.storasky.fr\/index.php\/wp-json\/wp\/v2\/types\/page"}],"author":[{"embeddable":true,"href":"https:\/\/www.storasky.fr\/index.php\/wp-json\/wp\/v2\/users\/1"}],"replies":[{"embeddable":true,"href":"https:\/\/www.storasky.fr\/index.php\/wp-json\/wp\/v2\/comments?post=25"}],"version-history":[{"count":15,"href":"https:\/\/www.storasky.fr\/index.php\/wp-json\/wp\/v2\/pages\/25\/revisions"}],"predecessor-version":[{"id":700,"href":"https:\/\/www.storasky.fr\/index.php\/wp-json\/wp\/v2\/pages\/25\/revisions\/700"}],"wp:attachment":[{"href":"https:\/\/www.storasky.fr\/index.php\/wp-json\/wp\/v2\/media?parent=25"}],"curies":[{"name":"wp","href":"https:\/\/api.w.org\/{rel}","templated":true}]}}